{"id":14,"date":"2016-11-24T15:34:06","date_gmt":"2016-11-24T14:34:06","guid":{"rendered":"http:\/\/www.humlegardenkonferens.se\/?page_id=14"},"modified":"2026-03-18T11:45:35","modified_gmt":"2026-03-18T10:45:35","slug":"tokyo","status":"publish","type":"page","link":"https:\/\/www.humlegardenkonferens.se\/index.php\/startsida\/tokyo\/","title":{"rendered":"<center>Tokyo<\/center>"},"content":{"rendered":"<p style=\"text-align: center;\"><strong>Tokyo har ett fantastiskt fint s\u00f6derl\u00e4ge med naturligt dagsljus.<\/strong><br \/>\nMax 4 personer vid runt bord<br \/>\n65&#8243; TV<br \/>\nAnslutningskablar som passar b\u00e5de gamla och nya Mac och PC<br \/>\nAnteckningsmaterial som block och pennor<br \/>\nBl\u00e4dderblock \/ Whiteboard<br \/>\nTr\u00e5dl\u00f6st wi-fi<\/p>\n<p>&nbsp;<\/p>\n<p style=\"text-align: center;\">Vi hj\u00e4lper dig g\u00e4rna ifall du har n\u00e5gra fr\u00e5gor. Maila oss p\u00e5: <a href=\"mailto:info@humlegardenkonferens.se\">info@humlegardenkonferens.se<\/a>\u00a0eller ring 0735 \u2013 186\u00a0120. Vill du hellre boka direkt och f\u00e5 bekr\u00e4ftelse med en g\u00e5ng, anv\u00e4nd \u201dboka\u201d-knappen nedan.<\/p>\n<p><center><a class=\"btn btn-primary\" href=\"https:\/\/timetomeet.se\/online\/humlegarden_konferens_71\/\" target=\"_blank\" rel=\"noopener\">Boka h\u00e4r!<\/a><\/center><\/p>\n<p style=\"text-align: center;\">\n","protected":false},"excerpt":{"rendered":"<p>Tokyo har ett fantastiskt fint s\u00f6derl\u00e4ge med naturligt dagsljus. Max 4 personer vid runt bord 65&#8243; TV Anslutningskablar som passar &hellip;<\/p>\n","protected":false},"author":1,"featured_media":212,"parent":2,"menu_order":5,"comment_status":"closed","ping_status":"closed","template":"templates\/grid-page.php","meta":{"footnotes":""},"class_list":["post-14","page","type-page","status-publish","has-post-thumbnail","hentry"],"_links":{"self":[{"href":"https:\/\/www.humlegardenkonferens.se\/index.php\/wp-json\/wp\/v2\/pages\/14","targetHints":{"allow":["GET"]}}],"collection":[{"href":"https:\/\/www.humlegardenkonferens.se\/index.php\/wp-json\/wp\/v2\/pages"}],"about":[{"href":"https:\/\/www.humlegardenkonferens.se\/index.php\/wp-json\/wp\/v2\/types\/page"}],"author":[{"embeddable":true,"href":"https:\/\/www.humlegardenkonferens.se\/index.php\/wp-json\/wp\/v2\/users\/1"}],"replies":[{"embeddable":true,"href":"https:\/\/www.humlegardenkonferens.se\/index.php\/wp-json\/wp\/v2\/comments?post=14"}],"version-history":[{"count":1,"href":"https:\/\/www.humlegardenkonferens.se\/index.php\/wp-json\/wp\/v2\/pages\/14\/revisions"}],"predecessor-version":[{"id":866,"href":"https:\/\/www.humlegardenkonferens.se\/index.php\/wp-json\/wp\/v2\/pages\/14\/revisions\/866"}],"up":[{"embeddable":true,"href":"https:\/\/www.humlegardenkonferens.se\/index.php\/wp-json\/wp\/v2\/pages\/2"}],"wp:featuredmedia":[{"embeddable":true,"href":"https:\/\/www.humlegardenkonferens.se\/index.php\/wp-json\/wp\/v2\/media\/212"}],"wp:attachment":[{"href":"https:\/\/www.humlegardenkonferens.se\/index.php\/wp-json\/wp\/v2\/media?parent=14"}],"curies":[{"name":"wp","href":"https:\/\/api.w.org\/{rel}","templated":true}]}}